{"id":48,"date":"2025-08-27T19:16:07","date_gmt":"2025-08-27T17:16:07","guid":{"rendered":"https:\/\/loufeignassou.com\/index.php\/home\/"},"modified":"2025-08-27T21:17:49","modified_gmt":"2025-08-27T19:17:49","slug":"home","status":"publish","type":"page","link":"https:\/\/loufeignassou.com\/index.php\/home\/","title":{"rendered":""},"content":{"rendered":"\n<p class=\"has-text-align-center has-large-font-size\"><strong>Dans une maison de 1920 <\/strong><\/p>\n\n\n\n<p class=\"has-text-align-center has-large-font-size\"><strong>\u00e0 5 minutes \u00e0 pieds du centre ville de Toulon<\/strong><\/p>\n\n\n\n<div class=\"wp-block-group alignwide is-layout-grid wp-container-core-group-is-layout-478b6e6b wp-block-group-is-layout-grid\">\n<figure class=\"wp-block-image size-large wp-container-content-69bc4bdf\"><img loading=\"lazy\" decoding=\"async\" width=\"1024\" height=\"768\" src=\"https:\/\/loufeignassou.com\/wp-content\/uploads\/2025\/08\/T2-terrassepouf-2-1024x768.jpg\" alt=\"\" class=\"wp-image-121\" srcset=\"https:\/\/loufeignassou.com\/wp-content\/uploads\/2025\/08\/T2-terrassepouf-2-1024x768.jpg 1024w, https:\/\/loufeignassou.com\/wp-content\/uploads\/2025\/08\/T2-terrassepouf-2-300x225.jpg 300w, https:\/\/loufeignassou.com\/wp-content\/uploads\/2025\/08\/T2-terrassepouf-2-768x576.jpg 768w, https:\/\/loufeignassou.com\/wp-content\/uploads\/2025\/08\/T2-terrassepouf-2-1536x1152.jpg 1536w, https:\/\/loufeignassou.com\/wp-content\/uploads\/2025\/08\/T2-terrassepouf-2-2048x1536.jpg 2048w\" sizes=\"auto, (max-width: 1024px) 100vw, 1024px\" \/><figcaption class=\"wp-element-caption\"><strong><mark style=\"background-color:rgba(0, 0, 0, 0)\" class=\"has-inline-color has-contrast-color\">Cet appartement ind\u00e9pendant de 60 m\u00b2, au 1er niveau d&rsquo;une maison de charme des ann\u00e9es 20, saura vous s\u00e9duire par son cachet et ses prestations haut de gamme.<br>D\u00e9coration soign\u00e9e, grande terrasse de 15 m2 plein sud avec mobilier de jardin, transat et parasol, barbecue. Chambre climatis\u00e9e avec lit en 160&#215;200.<\/mark><\/strong><br><\/figcaption><\/figure>\n\n\n\n<figure class=\"wp-block-image size-full wp-container-content-69bc4bdf\"><img loading=\"lazy\" decoding=\"async\" width=\"945\" height=\"710\" src=\"https:\/\/loufeignassou.com\/wp-content\/uploads\/2025\/08\/chambre14-2-2.png\" alt=\"\" class=\"wp-image-118\" srcset=\"https:\/\/loufeignassou.com\/wp-content\/uploads\/2025\/08\/chambre14-2-2.png 945w, https:\/\/loufeignassou.com\/wp-content\/uploads\/2025\/08\/chambre14-2-2-300x225.png 300w, https:\/\/loufeignassou.com\/wp-content\/uploads\/2025\/08\/chambre14-2-2-768x577.png 768w\" sizes=\"auto, (max-width: 945px) 100vw, 945px\" \/><figcaption class=\"wp-element-caption\"><strong>Chambre de 12 m\u00b2 meubl\u00e9 et d\u00e9cor\u00e9e avec soin, lit en 160&#215;200, bureau, fauteuil, T\u00e9l\u00e9vision LCD 82 cm, Internet, Chauffage central.<br>Entr\u00e9e ind\u00e9pendante, en rez-de jardin<\/strong><br><\/figcaption><\/figure>\n\n\n\n<figure class=\"wp-block-image size-full wp-container-content-69bc4bdf\"><img loading=\"lazy\" decoding=\"async\" width=\"894\" height=\"658\" src=\"https:\/\/loufeignassou.com\/wp-content\/uploads\/2025\/08\/chambre22-2-1.png\" alt=\"\" class=\"wp-image-119\" srcset=\"https:\/\/loufeignassou.com\/wp-content\/uploads\/2025\/08\/chambre22-2-1.png 894w, https:\/\/loufeignassou.com\/wp-content\/uploads\/2025\/08\/chambre22-2-1-300x221.png 300w, https:\/\/loufeignassou.com\/wp-content\/uploads\/2025\/08\/chambre22-2-1-768x565.png 768w\" sizes=\"auto, (max-width: 894px) 100vw, 894px\" \/><figcaption class=\"wp-element-caption\"><strong>Chambre de 12 m\u00b2 meubl\u00e9 et d\u00e9cor\u00e9e avec soin, lit en 140&#215;190, bureau, fauteuil, T\u00e9l\u00e9vision LCD 82 cm, Internet, Chauffage central.<br>En rez-de-jardin<\/strong><br><\/figcaption><\/figure>\n<\/div>\n\n\n\n<p><\/p>\n","protected":false},"excerpt":{"rendered":"<p>Dans une maison de 1920 \u00e0 5 minutes \u00e0 pieds du centre ville de Toulon<\/p>\n","protected":false},"author":1,"featured_media":0,"parent":0,"menu_order":0,"comment_status":"closed","ping_status":"closed","template":"frontpage.php","meta":{"site-sidebar-layout":"default","site-content-layout":"","ast-site-content-layout":"default","site-content-style":"default","site-sidebar-style":"default","ast-global-header-display":"","ast-banner-title-visibility":"","ast-main-header-display":"","ast-hfb-above-header-display":"","ast-hfb-below-header-display":"","ast-hfb-mobile-header-display":"","site-post-title":"","ast-breadcrumbs-content":"","ast-featured-img":"","footer-sml-layout":"","theme-transparent-header-meta":"","adv-header-id-meta":"","stick-header-meta":"","header-above-stick-meta":"","header-main-stick-meta":"","header-below-stick-meta":"","astra-migrate-meta-layouts":"default","ast-page-background-enabled":"default","ast-page-background-meta":{"desktop":{"background-color":"var(--ast-global-color-5)","background-image":"","background-repeat":"repeat","background-position":"center center","background-size":"auto","background-attachment":"scroll","background-type":"","background-media":"","overlay-type":"","overlay-color":"","overlay-opacity":"","overlay-gradient":""},"tablet":{"background-color":"","background-image":"","background-repeat":"repeat","background-position":"center center","background-size":"auto","background-attachment":"scroll","background-type":"","background-media":"","overlay-type":"","overlay-color":"","overlay-opacity":"","overlay-gradient":""},"mobile":{"background-color":"","background-image":"","background-repeat":"repeat","background-position":"center center","background-size":"auto","background-attachment":"scroll","background-type":"","background-media":"","overlay-type":"","overlay-color":"","overlay-opacity":"","overlay-gradient":""}},"ast-content-background-meta":{"desktop":{"background-color":"var(--ast-global-color-4)","background-image":"","background-repeat":"repeat","background-position":"center center","background-size":"auto","background-attachment":"scroll","background-type":"","background-media":"","overlay-type":"","overlay-color":"","overlay-opacity":"","overlay-gradient":""},"tablet":{"background-color":"var(--ast-global-color-4)","background-image":"","background-repeat":"repeat","background-position":"center center","background-size":"auto","background-attachment":"scroll","background-type":"","background-media":"","overlay-type":"","overlay-color":"","overlay-opacity":"","overlay-gradient":""},"mobile":{"background-color":"var(--ast-global-color-4)","background-image":"","background-repeat":"repeat","background-position":"center center","background-size":"auto","background-attachment":"scroll","background-type":"","background-media":"","overlay-type":"","overlay-color":"","overlay-opacity":"","overlay-gradient":""}},"footnotes":""},"class_list":["post-48","page","type-page","status-publish","hentry"],"yoast_head":"<!-- This site is optimized with the Yoast SEO plugin v26.2 - https:\/\/yoast.com\/wordpress\/plugins\/seo\/ -->\n<title>- Lou feignassou<\/title>\n<meta name=\"robots\" content=\"index, follow, max-snippet:-1, max-image-preview:large, max-video-preview:-1\" \/>\n<link rel=\"canonical\" href=\"https:\/\/loufeignassou.com\/index.php\/home\/\" \/>\n<meta property=\"og:locale\" content=\"fr_FR\" \/>\n<meta property=\"og:type\" content=\"article\" \/>\n<meta property=\"og:title\" content=\"- Lou feignassou\" \/>\n<meta property=\"og:description\" content=\"Dans une maison de 1920 \u00e0 5 minutes \u00e0 pieds du centre ville de Toulon\" \/>\n<meta property=\"og:url\" content=\"https:\/\/loufeignassou.com\/index.php\/home\/\" \/>\n<meta property=\"og:site_name\" content=\"Lou feignassou\" \/>\n<meta property=\"article:publisher\" content=\"https:\/\/www.facebook.com\/profile.php?id=61582494522554\" \/>\n<meta property=\"article:modified_time\" content=\"2025-08-27T19:17:49+00:00\" \/>\n<meta property=\"og:image\" content=\"https:\/\/loufeignassou.com\/wp-content\/uploads\/2025\/08\/T2-terrassepouf-2-scaled.jpg\" \/>\n\t<meta property=\"og:image:width\" content=\"2560\" \/>\n\t<meta property=\"og:image:height\" content=\"1920\" \/>\n\t<meta property=\"og:image:type\" content=\"image\/jpeg\" \/>\n<meta name=\"twitter:card\" content=\"summary_large_image\" \/>\n<meta name=\"twitter:label1\" content=\"Dur\u00e9e de lecture estim\u00e9e\" \/>\n\t<meta name=\"twitter:data1\" content=\"1 minute\" \/>\n<script type=\"application\/ld+json\" class=\"yoast-schema-graph\">{\"@context\":\"https:\/\/schema.org\",\"@graph\":[{\"@type\":\"WebPage\",\"@id\":\"https:\/\/loufeignassou.com\/index.php\/home\/\",\"url\":\"https:\/\/loufeignassou.com\/index.php\/home\/\",\"name\":\"- Lou feignassou\",\"isPartOf\":{\"@id\":\"https:\/\/loufeignassou.com\/#website\"},\"primaryImageOfPage\":{\"@id\":\"https:\/\/loufeignassou.com\/index.php\/home\/#primaryimage\"},\"image\":{\"@id\":\"https:\/\/loufeignassou.com\/index.php\/home\/#primaryimage\"},\"thumbnailUrl\":\"https:\/\/loufeignassou.com\/wp-content\/uploads\/2025\/08\/T2-terrassepouf-2-1024x768.jpg\",\"datePublished\":\"2025-08-27T17:16:07+00:00\",\"dateModified\":\"2025-08-27T19:17:49+00:00\",\"inLanguage\":\"fr-FR\",\"potentialAction\":[{\"@type\":\"ReadAction\",\"target\":[\"https:\/\/loufeignassou.com\/index.php\/home\/\"]}]},{\"@type\":\"ImageObject\",\"inLanguage\":\"fr-FR\",\"@id\":\"https:\/\/loufeignassou.com\/index.php\/home\/#primaryimage\",\"url\":\"https:\/\/loufeignassou.com\/wp-content\/uploads\/2025\/08\/T2-terrassepouf-2-scaled.jpg\",\"contentUrl\":\"https:\/\/loufeignassou.com\/wp-content\/uploads\/2025\/08\/T2-terrassepouf-2-scaled.jpg\",\"width\":2560,\"height\":1920},{\"@type\":\"WebSite\",\"@id\":\"https:\/\/loufeignassou.com\/#website\",\"url\":\"https:\/\/loufeignassou.com\/\",\"name\":\"Lou feignassou\",\"description\":\"Votre adresse pour une location courte dur\u00e9e \u00e0 Toulon confortable et abordable.\",\"publisher\":{\"@id\":\"https:\/\/loufeignassou.com\/#organization\"},\"potentialAction\":[{\"@type\":\"SearchAction\",\"target\":{\"@type\":\"EntryPoint\",\"urlTemplate\":\"https:\/\/loufeignassou.com\/?s={search_term_string}\"},\"query-input\":{\"@type\":\"PropertyValueSpecification\",\"valueRequired\":true,\"valueName\":\"search_term_string\"}}],\"inLanguage\":\"fr-FR\"},{\"@type\":\"Organization\",\"@id\":\"https:\/\/loufeignassou.com\/#organization\",\"name\":\"Lou feignassou\",\"url\":\"https:\/\/loufeignassou.com\/\",\"logo\":{\"@type\":\"ImageObject\",\"inLanguage\":\"fr-FR\",\"@id\":\"https:\/\/loufeignassou.com\/#\/schema\/logo\/image\/\",\"url\":\"https:\/\/loufeignassou.com\/wp-content\/uploads\/2025\/08\/cropped-Logo-9.jpg\",\"contentUrl\":\"https:\/\/loufeignassou.com\/wp-content\/uploads\/2025\/08\/cropped-Logo-9.jpg\",\"width\":589,\"height\":338,\"caption\":\"Lou feignassou\"},\"image\":{\"@id\":\"https:\/\/loufeignassou.com\/#\/schema\/logo\/image\/\"},\"sameAs\":[\"https:\/\/www.facebook.com\/profile.php?id=61582494522554\"]}]}<\/script>\n<!-- \/ Yoast SEO plugin. -->","yoast_head_json":{"title":"- Lou feignassou","robots":{"index":"index","follow":"follow","max-snippet":"max-snippet:-1","max-image-preview":"max-image-preview:large","max-video-preview":"max-video-preview:-1"},"canonical":"https:\/\/loufeignassou.com\/index.php\/home\/","og_locale":"fr_FR","og_type":"article","og_title":"- Lou feignassou","og_description":"Dans une maison de 1920 \u00e0 5 minutes \u00e0 pieds du centre ville de Toulon","og_url":"https:\/\/loufeignassou.com\/index.php\/home\/","og_site_name":"Lou feignassou","article_publisher":"https:\/\/www.facebook.com\/profile.php?id=61582494522554","article_modified_time":"2025-08-27T19:17:49+00:00","og_image":[{"width":2560,"height":1920,"url":"https:\/\/loufeignassou.com\/wp-content\/uploads\/2025\/08\/T2-terrassepouf-2-scaled.jpg","type":"image\/jpeg"}],"twitter_card":"summary_large_image","twitter_misc":{"Dur\u00e9e de lecture estim\u00e9e":"1 minute"},"schema":{"@context":"https:\/\/schema.org","@graph":[{"@type":"WebPage","@id":"https:\/\/loufeignassou.com\/index.php\/home\/","url":"https:\/\/loufeignassou.com\/index.php\/home\/","name":"- Lou feignassou","isPartOf":{"@id":"https:\/\/loufeignassou.com\/#website"},"primaryImageOfPage":{"@id":"https:\/\/loufeignassou.com\/index.php\/home\/#primaryimage"},"image":{"@id":"https:\/\/loufeignassou.com\/index.php\/home\/#primaryimage"},"thumbnailUrl":"https:\/\/loufeignassou.com\/wp-content\/uploads\/2025\/08\/T2-terrassepouf-2-1024x768.jpg","datePublished":"2025-08-27T17:16:07+00:00","dateModified":"2025-08-27T19:17:49+00:00","inLanguage":"fr-FR","potentialAction":[{"@type":"ReadAction","target":["https:\/\/loufeignassou.com\/index.php\/home\/"]}]},{"@type":"ImageObject","inLanguage":"fr-FR","@id":"https:\/\/loufeignassou.com\/index.php\/home\/#primaryimage","url":"https:\/\/loufeignassou.com\/wp-content\/uploads\/2025\/08\/T2-terrassepouf-2-scaled.jpg","contentUrl":"https:\/\/loufeignassou.com\/wp-content\/uploads\/2025\/08\/T2-terrassepouf-2-scaled.jpg","width":2560,"height":1920},{"@type":"WebSite","@id":"https:\/\/loufeignassou.com\/#website","url":"https:\/\/loufeignassou.com\/","name":"Lou feignassou","description":"Votre adresse pour une location courte dur\u00e9e \u00e0 Toulon confortable et abordable.","publisher":{"@id":"https:\/\/loufeignassou.com\/#organization"},"potentialAction":[{"@type":"SearchAction","target":{"@type":"EntryPoint","urlTemplate":"https:\/\/loufeignassou.com\/?s={search_term_string}"},"query-input":{"@type":"PropertyValueSpecification","valueRequired":true,"valueName":"search_term_string"}}],"inLanguage":"fr-FR"},{"@type":"Organization","@id":"https:\/\/loufeignassou.com\/#organization","name":"Lou feignassou","url":"https:\/\/loufeignassou.com\/","logo":{"@type":"ImageObject","inLanguage":"fr-FR","@id":"https:\/\/loufeignassou.com\/#\/schema\/logo\/image\/","url":"https:\/\/loufeignassou.com\/wp-content\/uploads\/2025\/08\/cropped-Logo-9.jpg","contentUrl":"https:\/\/loufeignassou.com\/wp-content\/uploads\/2025\/08\/cropped-Logo-9.jpg","width":589,"height":338,"caption":"Lou feignassou"},"image":{"@id":"https:\/\/loufeignassou.com\/#\/schema\/logo\/image\/"},"sameAs":["https:\/\/www.facebook.com\/profile.php?id=61582494522554"]}]}},"_links":{"self":[{"href":"https:\/\/loufeignassou.com\/index.php\/wp-json\/wp\/v2\/pages\/48","targetHints":{"allow":["GET"]}}],"collection":[{"href":"https:\/\/loufeignassou.com\/index.php\/wp-json\/wp\/v2\/pages"}],"about":[{"href":"https:\/\/loufeignassou.com\/index.php\/wp-json\/wp\/v2\/types\/page"}],"author":[{"embeddable":true,"href":"https:\/\/loufeignassou.com\/index.php\/wp-json\/wp\/v2\/users\/1"}],"replies":[{"embeddable":true,"href":"https:\/\/loufeignassou.com\/index.php\/wp-json\/wp\/v2\/comments?post=48"}],"version-history":[{"count":14,"href":"https:\/\/loufeignassou.com\/index.php\/wp-json\/wp\/v2\/pages\/48\/revisions"}],"predecessor-version":[{"id":150,"href":"https:\/\/loufeignassou.com\/index.php\/wp-json\/wp\/v2\/pages\/48\/revisions\/150"}],"wp:attachment":[{"href":"https:\/\/loufeignassou.com\/index.php\/wp-json\/wp\/v2\/media?parent=48"}],"curies":[{"name":"wp","href":"https:\/\/api.w.org\/{rel}","templated":true}]}}