{"id":151,"date":"2025-08-27T23:47:26","date_gmt":"2025-08-27T21:47:26","guid":{"rendered":"https:\/\/loufeignassou.com\/index.php\/colibri-wp\/"},"modified":"2025-10-24T09:54:41","modified_gmt":"2025-10-24T07:54:41","slug":"colibri-wp","status":"publish","type":"page","link":"https:\/\/loufeignassou.com\/","title":{"rendered":"Accueil"},"content":{"rendered":"\n<h2 class=\"wp-block-heading has-text-align-center\">Dans une maison de 1920<\/h2>\n\n\n\n<p class=\"has-text-align-center\">en plein c\u0153ur de Toulon, et dans un cadre de verdure Bienvenue chez <strong>Lou Feignassou<\/strong>, votre adresse pour une <strong>location courte dur\u00e9e \u00e0 Toulon<\/strong> confortable et abordable.<\/p>\n\n\n\n<p class=\"has-text-align-center\">Situ\u00e9 dans un quartier proche de la gare et, \u00e0 proximit\u00e9 du centre-ville, du port et des plages, notre h\u00e9bergement offre un acc\u00e8s facile aux transports, commerces et sites touristiques.<\/p>\n\n\n\n<p class=\"has-text-align-center\">Nous proposons suivant la saison un <strong>appartement T2 meubl\u00e9<\/strong> et <strong>2<\/strong> <strong>chambres en colocations<\/strong>, c&rsquo;est id\u00e9al pour un s\u00e9jour professionnel, des vacances ou un week-end \u00e0 petit prix.<br>Notre maison est propre, bien \u00e9quip\u00e9e et pr\u00eate \u00e0 vous accueillir pour quelques jours ou plusieurs semaines.<\/p>\n\n\n\n<p class=\"has-text-align-center\"><br><\/p>\n\n\n\n<div class=\"wp-block-columns is-layout-flex wp-container-core-columns-is-layout-28f84493 wp-block-columns-is-layout-flex\">\n<div class=\"wp-block-column is-layout-flow wp-block-column-is-layout-flow\">\n<div class=\"wp-block-buttons is-content-justification-center is-layout-flex wp-container-core-buttons-is-layout-a89b3969 wp-block-buttons-is-layout-flex\">\n<div class=\"wp-block-button\"><a class=\"wp-block-button__link wp-element-button\" href=\"https:\/\/loufeignassou.com\/index.php\/appartement-t2\/\">Appartement T2<\/a><\/div>\n<\/div>\n\n\n\n<figure class=\"wp-block-image size-large is-resized\"><a href=\"https:\/\/loufeignassou.com\/index.php\/appartement-t2\/\"><img loading=\"lazy\" decoding=\"async\" width=\"1024\" height=\"768\" src=\"https:\/\/loufeignassou.com\/wp-content\/uploads\/2025\/08\/T2-terrassepouf-3-1024x768.jpg\" alt=\"\" class=\"wp-image-190\" style=\"width:321px;height:auto\" srcset=\"https:\/\/loufeignassou.com\/wp-content\/uploads\/2025\/08\/T2-terrassepouf-3-1024x768.jpg 1024w, https:\/\/loufeignassou.com\/wp-content\/uploads\/2025\/08\/T2-terrassepouf-3-300x225.jpg 300w, https:\/\/loufeignassou.com\/wp-content\/uploads\/2025\/08\/T2-terrassepouf-3-768x576.jpg 768w, https:\/\/loufeignassou.com\/wp-content\/uploads\/2025\/08\/T2-terrassepouf-3-1536x1152.jpg 1536w, https:\/\/loufeignassou.com\/wp-content\/uploads\/2025\/08\/T2-terrassepouf-3-2048x1536.jpg 2048w\" sizes=\"auto, (max-width: 1024px) 100vw, 1024px\" \/><\/a><figcaption class=\"wp-element-caption\"><br><strong>Cet appartement ind\u00e9pendant de 60 m\u00b2, au 1er niveau d&rsquo;une maison de charme des ann\u00e9es 20, saura vous s\u00e9duire par son cachet et ses prestations haut de gamme.<br>D\u00e9coration soign\u00e9e, grande terrasse de 15 m2 plein sud avec mobilier de jardin, transat et parasol, barbecue. Chambre climatis\u00e9e avec lit en 160&#215;200.<\/strong><br><br><\/figcaption><\/figure>\n<\/div>\n\n\n\n<div class=\"wp-block-column is-layout-flow wp-block-column-is-layout-flow\">\n<div class=\"wp-block-buttons is-content-justification-center is-layout-flex wp-container-core-buttons-is-layout-a89b3969 wp-block-buttons-is-layout-flex\">\n<div class=\"wp-block-button\"><a class=\"wp-block-button__link wp-element-button\" href=\"https:\/\/loufeignassou.com\/index.php\/chambre-14\/\">Chambre 14 <\/a><\/div>\n<\/div>\n\n\n\n<figure class=\"wp-block-image size-full\"><a href=\"https:\/\/loufeignassou.com\/index.php\/chambre-14\/\"><img loading=\"lazy\" decoding=\"async\" width=\"1536\" height=\"1024\" src=\"https:\/\/loufeignassou.com\/wp-content\/uploads\/2025\/09\/chambrebelle-1.png\" alt=\"\" class=\"wp-image-391\" srcset=\"https:\/\/loufeignassou.com\/wp-content\/uploads\/2025\/09\/chambrebelle-1.png 1536w, https:\/\/loufeignassou.com\/wp-content\/uploads\/2025\/09\/chambrebelle-1-300x200.png 300w, https:\/\/loufeignassou.com\/wp-content\/uploads\/2025\/09\/chambrebelle-1-1024x683.png 1024w, https:\/\/loufeignassou.com\/wp-content\/uploads\/2025\/09\/chambrebelle-1-768x512.png 768w\" sizes=\"auto, (max-width: 1536px) 100vw, 1536px\" \/><\/a><figcaption class=\"wp-element-caption\"><br><strong>Chambre de 12 m\u00b2 meubl\u00e9 et d\u00e9cor\u00e9e avec soin, lit en 160&#215;200, bureau, fauteuil, T\u00e9l\u00e9vision LCD 82 cm, Internet, Chauffage central.<br>Entr\u00e9e ind\u00e9pendante, en rez-de jardin<\/strong>.<br><br><br><br><br><\/figcaption><\/figure>\n<\/div>\n\n\n\n<div class=\"wp-block-column is-layout-flow wp-block-column-is-layout-flow\">\n<div class=\"wp-block-buttons is-content-justification-center is-layout-flex wp-container-core-buttons-is-layout-a89b3969 wp-block-buttons-is-layout-flex\">\n<div class=\"wp-block-button\"><a class=\"wp-block-button__link wp-element-button\" href=\"https:\/\/loufeignassou.com\/index.php\/chambre-22\/\">Chambre 22<\/a><\/div>\n<\/div>\n\n\n\n<figure class=\"wp-block-image size-full\"><a href=\"https:\/\/loufeignassou.com\/index.php\/chambre-22\/\"><img loading=\"lazy\" decoding=\"async\" width=\"1536\" height=\"1024\" src=\"https:\/\/loufeignassou.com\/wp-content\/uploads\/2025\/10\/Chambre22-2.png\" alt=\"\" class=\"wp-image-479\" srcset=\"https:\/\/loufeignassou.com\/wp-content\/uploads\/2025\/10\/Chambre22-2.png 1536w, https:\/\/loufeignassou.com\/wp-content\/uploads\/2025\/10\/Chambre22-2-300x200.png 300w, https:\/\/loufeignassou.com\/wp-content\/uploads\/2025\/10\/Chambre22-2-1024x683.png 1024w, https:\/\/loufeignassou.com\/wp-content\/uploads\/2025\/10\/Chambre22-2-768x512.png 768w\" sizes=\"auto, (max-width: 1536px) 100vw, 1536px\" \/><\/a><figcaption class=\"wp-element-caption\"><br><strong>Chambre de 12 m\u00b2 meubl\u00e9 et d\u00e9cor\u00e9e avec soin, lit en 140&#215;190, bureau, fauteuil, T\u00e9l\u00e9vision LCD 82 cm, Internet, Chauffage central.<br>En rez-de-jardin<\/strong>.<br><br><br><br><br><\/figcaption><\/figure>\n<\/div>\n<\/div>\n\n\n\n<hr class=\"wp-block-separator has-alpha-channel-opacity\"\/>\n\n\n\n<p>&nbsp;<strong>A 5 minutes \u00e0 pied de la gare et du centre ville, vous pouvez \u00ab\u00a0descendre\u00a0\u00bb sur le port pour prendre votre petit d\u00e9jeuner&nbsp; et faire le march\u00e9 sur \u00ab\u00a0le cours Lafayette\u00a0\u00bb.<\/strong><\/p>\n\n\n\n<p><strong>Pensez \u00e0 visiter la maison de la photographie, le mus\u00e9e du vieux Toulon, l&rsquo;H\u00f4tel des arts, le mus\u00e9e des arts, tout \u00e7a gratuitement.<\/strong><\/p>\n\n\n\n<p><strong>La voiture n&rsquo;est pas obligatoire, vous pouvez tout faire en bus ou en bateau, de Hy\u00e8res \u00e0 Sanary&nbsp; en passant par les Sablettes et Saint-Mandrier&#8230;(forfait 10 \u20ac la semaine).<\/strong><\/p>\n\n\n\n<p><strong>A 3 km des plages, \u00e0 20 km de Hy\u00e8res, 60 km de Saint-Tropez, nombreuses ballades possibles&#8230; <\/strong><\/p>\n\n\n\n<hr class=\"wp-block-separator has-alpha-channel-opacity\"\/>\n\n\n\n<p class=\"has-text-align-center has-large-font-size\"><strong>Services<\/strong><\/p>\n\n\n\n<figure class=\"wp-block-image aligncenter size-full wp-container-content-83148919\"><img loading=\"lazy\" decoding=\"async\" width=\"64\" height=\"64\" src=\"https:\/\/loufeignassou.com\/wp-content\/uploads\/2025\/08\/wifi-1.png\" alt=\"\" class=\"wp-image-212\"\/><\/figure>\n\n\n\n<figure class=\"wp-block-image aligncenter size-full is-resized\"><img loading=\"lazy\" decoding=\"async\" width=\"526\" height=\"484\" src=\"https:\/\/loufeignassou.com\/wp-content\/uploads\/2025\/09\/fibre-internet.jpg\" alt=\"\" class=\"wp-image-370\" style=\"width:177px;height:auto\" srcset=\"https:\/\/loufeignassou.com\/wp-content\/uploads\/2025\/09\/fibre-internet.jpg 526w, https:\/\/loufeignassou.com\/wp-content\/uploads\/2025\/09\/fibre-internet-300x276.jpg 300w\" sizes=\"auto, (max-width: 526px) 100vw, 526px\" \/><\/figure>\n\n\n\n<div class=\"wp-block-group is-layout-grid wp-container-core-group-is-layout-478b6e6b wp-block-group-is-layout-grid\">\n<figure class=\"wp-block-image size-full\"><img loading=\"lazy\" decoding=\"async\" width=\"64\" height=\"64\" src=\"https:\/\/loufeignassou.com\/wp-content\/uploads\/2025\/08\/chauffe-eau-1.png\" alt=\"\" class=\"wp-image-213\"\/><\/figure>\n\n\n\n<figure class=\"wp-block-image size-full\"><img loading=\"lazy\" decoding=\"async\" width=\"64\" height=\"64\" src=\"https:\/\/loufeignassou.com\/wp-content\/uploads\/2025\/08\/ensemble-de-cuisine-1.png\" alt=\"\" class=\"wp-image-214\"\/><\/figure>\n\n\n\n<figure class=\"wp-block-image size-full\"><img loading=\"lazy\" decoding=\"async\" width=\"64\" height=\"64\" src=\"https:\/\/loufeignassou.com\/wp-content\/uploads\/2025\/08\/machine-a-laver-1.png\" alt=\"\" class=\"wp-image-215\"\/><\/figure>\n\n\n\n<figure class=\"wp-block-image size-full wp-container-content-69bc4bdf\"><img loading=\"lazy\" decoding=\"async\" width=\"64\" height=\"64\" src=\"https:\/\/loufeignassou.com\/wp-content\/uploads\/2025\/08\/signe-wc-1.png\" alt=\"\" class=\"wp-image-217\"\/><\/figure>\n\n\n\n<figure class=\"wp-block-image size-full wp-container-content-69bc4bdf\"><img loading=\"lazy\" decoding=\"async\" width=\"64\" height=\"64\" src=\"https:\/\/loufeignassou.com\/wp-content\/uploads\/2025\/09\/four.png\" alt=\"\" class=\"wp-image-375\"\/><\/figure>\n<\/div>\n\n\n<div class=\"wp-block-post-views-counter-post-views\"><div class=\"post-views content-post post-151 entry-meta load-static\">\r\n\t\t\t\t<span class=\"post-views-icon dashicons dashicons-chart-bar\"><\/span> <span class=\"post-views-count\">9\u00a0747<\/span>\r\n\t\t\t<\/div><\/div>\n\n\n<p><\/p>\n","protected":false},"excerpt":{"rendered":"<p>Dans une maison de 1920 en plein c\u0153ur de Toulon, et dans un cadre de verdure Bienvenue chez Lou Feignassou, [&hellip;]<\/p>\n","protected":false},"author":1,"featured_media":0,"parent":0,"menu_order":0,"comment_status":"closed","ping_status":"closed","template":"","meta":{"site-sidebar-layout":"default","site-content-layout":"","ast-site-content-layout":"default","site-content-style":"default","site-sidebar-style":"default","ast-global-header-display":"","ast-banner-title-visibility":"","ast-main-header-display":"","ast-hfb-above-header-display":"","ast-hfb-below-header-display":"","ast-hfb-mobile-header-display":"","site-post-title":"disabled","ast-breadcrumbs-content":"","ast-featured-img":"","footer-sml-layout":"","theme-transparent-header-meta":"","adv-header-id-meta":"","stick-header-meta":"","header-above-stick-meta":"","header-main-stick-meta":"","header-below-stick-meta":"","astra-migrate-meta-layouts":"default","ast-page-background-enabled":"default","ast-page-background-meta":{"desktop":{"background-color":"var(--ast-global-color-5)","background-image":"","background-repeat":"repeat","background-position":"center center","background-size":"auto","background-attachment":"scroll","background-type":"","background-media":"","overlay-type":"","overlay-color":"","overlay-opacity":"","overlay-gradient":""},"tablet":{"background-color":"","background-image":"","background-repeat":"repeat","background-position":"center center","background-size":"auto","background-attachment":"scroll","background-type":"","background-media":"","overlay-type":"","overlay-color":"","overlay-opacity":"","overlay-gradient":""},"mobile":{"background-color":"","background-image":"","background-repeat":"repeat","background-position":"center center","background-size":"auto","background-attachment":"scroll","background-type":"","background-media":"","overlay-type":"","overlay-color":"","overlay-opacity":"","overlay-gradient":""}},"ast-content-background-meta":{"desktop":{"background-color":"var(--ast-global-color-4)","background-image":"","background-repeat":"repeat","background-position":"center center","background-size":"auto","background-attachment":"scroll","background-type":"","background-media":"","overlay-type":"","overlay-color":"","overlay-opacity":"","overlay-gradient":""},"tablet":{"background-color":"var(--ast-global-color-4)","background-image":"","background-repeat":"repeat","background-position":"center center","background-size":"auto","background-attachment":"scroll","background-type":"","background-media":"","overlay-type":"","overlay-color":"","overlay-opacity":"","overlay-gradient":""},"mobile":{"background-color":"var(--ast-global-color-4)","background-image":"","background-repeat":"repeat","background-position":"center center","background-size":"auto","background-attachment":"scroll","background-type":"","background-media":"","overlay-type":"","overlay-color":"","overlay-opacity":"","overlay-gradient":""}},"footnotes":""},"class_list":["post-151","page","type-page","status-publish","hentry"],"yoast_head":"<!-- This site is optimized with the Yoast SEO plugin v26.2 - https:\/\/yoast.com\/wordpress\/plugins\/seo\/ -->\n<title>Accueil - Lou feignassou<\/title>\n<meta name=\"description\" content=\"Lou Feignassou propose des locations courtes dur\u00e9es \u00e0 Toulon : studio, T2 et chambres meubl\u00e9es pas ch\u00e8res, proches du centre-ville, du port et des plages.\" \/>\n<meta name=\"robots\" content=\"index, follow, max-snippet:-1, max-image-preview:large, max-video-preview:-1\" \/>\n<link rel=\"canonical\" href=\"https:\/\/loufeignassou.com\/\" \/>\n<meta property=\"og:locale\" content=\"fr_FR\" \/>\n<meta property=\"og:type\" content=\"article\" \/>\n<meta property=\"og:title\" content=\"Accueil - Lou feignassou\" \/>\n<meta property=\"og:description\" content=\"Lou Feignassou propose des locations courtes dur\u00e9es \u00e0 Toulon : studio, T2 et chambres meubl\u00e9es pas ch\u00e8res, proches du centre-ville, du port et des plages.\" \/>\n<meta property=\"og:url\" content=\"https:\/\/loufeignassou.com\/\" \/>\n<meta property=\"og:site_name\" content=\"Lou feignassou\" \/>\n<meta property=\"article:publisher\" content=\"https:\/\/www.facebook.com\/profile.php?id=61582494522554\" \/>\n<meta property=\"article:modified_time\" content=\"2025-10-24T07:54:41+00:00\" \/>\n<meta property=\"og:image\" content=\"https:\/\/loufeignassou.com\/wp-content\/uploads\/2025\/08\/T2-terrassepouf-3-scaled.jpg\" \/>\n\t<meta property=\"og:image:width\" content=\"2560\" \/>\n\t<meta property=\"og:image:height\" content=\"1920\" \/>\n\t<meta property=\"og:image:type\" content=\"image\/jpeg\" \/>\n<meta name=\"twitter:card\" content=\"summary_large_image\" \/>\n<meta name=\"twitter:label1\" content=\"Dur\u00e9e de lecture estim\u00e9e\" \/>\n\t<meta name=\"twitter:data1\" content=\"4 minutes\" \/>\n<script type=\"application\/ld+json\" class=\"yoast-schema-graph\">{\"@context\":\"https:\/\/schema.org\",\"@graph\":[{\"@type\":\"WebPage\",\"@id\":\"https:\/\/loufeignassou.com\/\",\"url\":\"https:\/\/loufeignassou.com\/\",\"name\":\"Accueil - Lou feignassou\",\"isPartOf\":{\"@id\":\"https:\/\/loufeignassou.com\/#website\"},\"primaryImageOfPage\":{\"@id\":\"https:\/\/loufeignassou.com\/#primaryimage\"},\"image\":{\"@id\":\"https:\/\/loufeignassou.com\/#primaryimage\"},\"thumbnailUrl\":\"https:\/\/loufeignassou.com\/wp-content\/uploads\/2025\/08\/T2-terrassepouf-3-1024x768.jpg\",\"datePublished\":\"2025-08-27T21:47:26+00:00\",\"dateModified\":\"2025-10-24T07:54:41+00:00\",\"description\":\"Lou Feignassou propose des locations courtes dur\u00e9es \u00e0 Toulon : studio, T2 et chambres meubl\u00e9es pas ch\u00e8res, proches du centre-ville, du port et des plages.\",\"breadcrumb\":{\"@id\":\"https:\/\/loufeignassou.com\/#breadcrumb\"},\"inLanguage\":\"fr-FR\",\"potentialAction\":[{\"@type\":\"ReadAction\",\"target\":[\"https:\/\/loufeignassou.com\/\"]}]},{\"@type\":\"ImageObject\",\"inLanguage\":\"fr-FR\",\"@id\":\"https:\/\/loufeignassou.com\/#primaryimage\",\"url\":\"https:\/\/loufeignassou.com\/wp-content\/uploads\/2025\/08\/T2-terrassepouf-3-scaled.jpg\",\"contentUrl\":\"https:\/\/loufeignassou.com\/wp-content\/uploads\/2025\/08\/T2-terrassepouf-3-scaled.jpg\",\"width\":2560,\"height\":1920},{\"@type\":\"BreadcrumbList\",\"@id\":\"https:\/\/loufeignassou.com\/#breadcrumb\",\"itemListElement\":[{\"@type\":\"ListItem\",\"position\":1,\"name\":\"Accueil\",\"item\":\"https:\/\/loufeignassou.com\/\"},{\"@type\":\"ListItem\",\"position\":2,\"name\":\"Accueil\"}]},{\"@type\":\"WebSite\",\"@id\":\"https:\/\/loufeignassou.com\/#website\",\"url\":\"https:\/\/loufeignassou.com\/\",\"name\":\"Lou feignassou\",\"description\":\"Votre adresse pour une location courte dur\u00e9e \u00e0 Toulon confortable et abordable.\",\"publisher\":{\"@id\":\"https:\/\/loufeignassou.com\/#organization\"},\"potentialAction\":[{\"@type\":\"SearchAction\",\"target\":{\"@type\":\"EntryPoint\",\"urlTemplate\":\"https:\/\/loufeignassou.com\/?s={search_term_string}\"},\"query-input\":{\"@type\":\"PropertyValueSpecification\",\"valueRequired\":true,\"valueName\":\"search_term_string\"}}],\"inLanguage\":\"fr-FR\"},{\"@type\":\"Organization\",\"@id\":\"https:\/\/loufeignassou.com\/#organization\",\"name\":\"Lou feignassou\",\"url\":\"https:\/\/loufeignassou.com\/\",\"logo\":{\"@type\":\"ImageObject\",\"inLanguage\":\"fr-FR\",\"@id\":\"https:\/\/loufeignassou.com\/#\/schema\/logo\/image\/\",\"url\":\"https:\/\/loufeignassou.com\/wp-content\/uploads\/2025\/08\/cropped-Logo-9.jpg\",\"contentUrl\":\"https:\/\/loufeignassou.com\/wp-content\/uploads\/2025\/08\/cropped-Logo-9.jpg\",\"width\":589,\"height\":338,\"caption\":\"Lou feignassou\"},\"image\":{\"@id\":\"https:\/\/loufeignassou.com\/#\/schema\/logo\/image\/\"},\"sameAs\":[\"https:\/\/www.facebook.com\/profile.php?id=61582494522554\"]}]}<\/script>\n<!-- \/ Yoast SEO plugin. -->","yoast_head_json":{"title":"Accueil - Lou feignassou","description":"Lou Feignassou propose des locations courtes dur\u00e9es \u00e0 Toulon : studio, T2 et chambres meubl\u00e9es pas ch\u00e8res, proches du centre-ville, du port et des plages.","robots":{"index":"index","follow":"follow","max-snippet":"max-snippet:-1","max-image-preview":"max-image-preview:large","max-video-preview":"max-video-preview:-1"},"canonical":"https:\/\/loufeignassou.com\/","og_locale":"fr_FR","og_type":"article","og_title":"Accueil - Lou feignassou","og_description":"Lou Feignassou propose des locations courtes dur\u00e9es \u00e0 Toulon : studio, T2 et chambres meubl\u00e9es pas ch\u00e8res, proches du centre-ville, du port et des plages.","og_url":"https:\/\/loufeignassou.com\/","og_site_name":"Lou feignassou","article_publisher":"https:\/\/www.facebook.com\/profile.php?id=61582494522554","article_modified_time":"2025-10-24T07:54:41+00:00","og_image":[{"width":2560,"height":1920,"url":"https:\/\/loufeignassou.com\/wp-content\/uploads\/2025\/08\/T2-terrassepouf-3-scaled.jpg","type":"image\/jpeg"}],"twitter_card":"summary_large_image","twitter_misc":{"Dur\u00e9e de lecture estim\u00e9e":"4 minutes"},"schema":{"@context":"https:\/\/schema.org","@graph":[{"@type":"WebPage","@id":"https:\/\/loufeignassou.com\/","url":"https:\/\/loufeignassou.com\/","name":"Accueil - Lou feignassou","isPartOf":{"@id":"https:\/\/loufeignassou.com\/#website"},"primaryImageOfPage":{"@id":"https:\/\/loufeignassou.com\/#primaryimage"},"image":{"@id":"https:\/\/loufeignassou.com\/#primaryimage"},"thumbnailUrl":"https:\/\/loufeignassou.com\/wp-content\/uploads\/2025\/08\/T2-terrassepouf-3-1024x768.jpg","datePublished":"2025-08-27T21:47:26+00:00","dateModified":"2025-10-24T07:54:41+00:00","description":"Lou Feignassou propose des locations courtes dur\u00e9es \u00e0 Toulon : studio, T2 et chambres meubl\u00e9es pas ch\u00e8res, proches du centre-ville, du port et des plages.","breadcrumb":{"@id":"https:\/\/loufeignassou.com\/#breadcrumb"},"inLanguage":"fr-FR","potentialAction":[{"@type":"ReadAction","target":["https:\/\/loufeignassou.com\/"]}]},{"@type":"ImageObject","inLanguage":"fr-FR","@id":"https:\/\/loufeignassou.com\/#primaryimage","url":"https:\/\/loufeignassou.com\/wp-content\/uploads\/2025\/08\/T2-terrassepouf-3-scaled.jpg","contentUrl":"https:\/\/loufeignassou.com\/wp-content\/uploads\/2025\/08\/T2-terrassepouf-3-scaled.jpg","width":2560,"height":1920},{"@type":"BreadcrumbList","@id":"https:\/\/loufeignassou.com\/#breadcrumb","itemListElement":[{"@type":"ListItem","position":1,"name":"Accueil","item":"https:\/\/loufeignassou.com\/"},{"@type":"ListItem","position":2,"name":"Accueil"}]},{"@type":"WebSite","@id":"https:\/\/loufeignassou.com\/#website","url":"https:\/\/loufeignassou.com\/","name":"Lou feignassou","description":"Votre adresse pour une location courte dur\u00e9e \u00e0 Toulon confortable et abordable.","publisher":{"@id":"https:\/\/loufeignassou.com\/#organization"},"potentialAction":[{"@type":"SearchAction","target":{"@type":"EntryPoint","urlTemplate":"https:\/\/loufeignassou.com\/?s={search_term_string}"},"query-input":{"@type":"PropertyValueSpecification","valueRequired":true,"valueName":"search_term_string"}}],"inLanguage":"fr-FR"},{"@type":"Organization","@id":"https:\/\/loufeignassou.com\/#organization","name":"Lou feignassou","url":"https:\/\/loufeignassou.com\/","logo":{"@type":"ImageObject","inLanguage":"fr-FR","@id":"https:\/\/loufeignassou.com\/#\/schema\/logo\/image\/","url":"https:\/\/loufeignassou.com\/wp-content\/uploads\/2025\/08\/cropped-Logo-9.jpg","contentUrl":"https:\/\/loufeignassou.com\/wp-content\/uploads\/2025\/08\/cropped-Logo-9.jpg","width":589,"height":338,"caption":"Lou feignassou"},"image":{"@id":"https:\/\/loufeignassou.com\/#\/schema\/logo\/image\/"},"sameAs":["https:\/\/www.facebook.com\/profile.php?id=61582494522554"]}]}},"_links":{"self":[{"href":"https:\/\/loufeignassou.com\/index.php\/wp-json\/wp\/v2\/pages\/151","targetHints":{"allow":["GET"]}}],"collection":[{"href":"https:\/\/loufeignassou.com\/index.php\/wp-json\/wp\/v2\/pages"}],"about":[{"href":"https:\/\/loufeignassou.com\/index.php\/wp-json\/wp\/v2\/types\/page"}],"author":[{"embeddable":true,"href":"https:\/\/loufeignassou.com\/index.php\/wp-json\/wp\/v2\/users\/1"}],"replies":[{"embeddable":true,"href":"https:\/\/loufeignassou.com\/index.php\/wp-json\/wp\/v2\/comments?post=151"}],"version-history":[{"count":35,"href":"https:\/\/loufeignassou.com\/index.php\/wp-json\/wp\/v2\/pages\/151\/revisions"}],"predecessor-version":[{"id":531,"href":"https:\/\/loufeignassou.com\/index.php\/wp-json\/wp\/v2\/pages\/151\/revisions\/531"}],"wp:attachment":[{"href":"https:\/\/loufeignassou.com\/index.php\/wp-json\/wp\/v2\/media?parent=151"}],"curies":[{"name":"wp","href":"https:\/\/api.w.org\/{rel}","templated":true}]}}